{"id":10870,"date":"2025-11-25T19:19:58","date_gmt":"2025-11-25T22:19:58","guid":{"rendered":"https:\/\/supplybr.com\/?post_type=product&#038;p=10870"},"modified":"2025-11-25T19:20:08","modified_gmt":"2025-11-25T22:20:08","slug":"capo-do-quadro-pn-565636-03-alfa-laval","status":"publish","type":"product","link":"https:\/\/supplybr.com\/en\/product\/capo-do-quadro-pn-565636-03-alfa-laval\/","title":{"rendered":"Cap\u00f4 do quadro PN 565636 03 ALFA LAVAL"},"content":{"rendered":"<p>PART NUMBERS:<\/p>\n<p>[ninja_tables id=&#8221;12447&#8243;]<\/p>\n<p>PORTUGU\u00caS:<\/p>\n<p>[ninja_tables id=&#8221;9087&#8243;]<\/p>\n<p>ENGLISH:<\/p>\n<p>[ninja_tables id=&#8221;11156&#8243;]<\/p>\n<p>APLICA\u00c7\u00c3O:<\/p>\n<p>[ninja_tables id=&#8221;23846&#8243;]<\/p>","protected":false},"excerpt":{"rendered":"<p>PART NUMBERS: [ninja_tables id=&#8221;12447&#8243;] PORTUGU\u00caS: [ninja_tables id=&#8221;9087&#8243;] ENGLISH: [ninja_tables id=&#8221;11156&#8243;] APLICA\u00c7\u00c3O: [ninja_tables id=&#8221;23846&#8243;]<\/p>","protected":false},"featured_media":5238,"template":"","meta":{"_acf_changed":false,"_joinchat":[]},"product_brand":[],"product_cat":[457,429],"product_tag":[],"class_list":{"0":"post-10870","1":"product","2":"type-product","3":"status-publish","4":"has-post-thumbnail","6":"product_cat-alfa-laval","7":"product_cat-todos","9":"first","10":"instock","11":"purchasable","12":"product-type-simple"},"acf":[],"yoast_head":"<!-- This site is optimized with the Yoast SEO plugin v26.4 - https:\/\/yoast.com\/wordpress\/plugins\/seo\/ -->\n<title>Cap\u00f4 do quadro PN 565636 03 ALFA LAVAL - Smart Supply<\/title>\n<meta name=\"robots\" content=\"index, follow, max-snippet:-1, max-image-preview:large, max-video-preview:-1\" \/>\n<link rel=\"canonical\" href=\"https:\/\/supplybr.com\/en\/product\/capo-do-quadro-pn-565636-03-alfa-laval\/\" \/>\n<meta property=\"og:locale\" content=\"en_US\" \/>\n<meta property=\"og:type\" content=\"article\" \/>\n<meta property=\"og:title\" content=\"Cap\u00f4 do quadro PN 565636 03 ALFA LAVAL - Smart Supply\" \/>\n<meta property=\"og:description\" content=\"PART NUMBERS: [ninja_tables id=&#8221;12447&#8243;] PORTUGU\u00caS: [ninja_tables id=&#8221;9087&#8243;] ENGLISH: [ninja_tables id=&#8221;11156&#8243;] APLICA\u00c7\u00c3O: [ninja_tables id=&#8221;23846&#8243;]\" \/>\n<meta property=\"og:url\" content=\"https:\/\/supplybr.com\/en\/product\/capo-do-quadro-pn-565636-03-alfa-laval\/\" \/>\n<meta property=\"og:site_name\" content=\"Smart Supply\" \/>\n<meta property=\"article:modified_time\" content=\"2025-11-25T22:20:08+00:00\" \/>\n<meta property=\"og:image\" content=\"https:\/\/supplybr.com\/wp-content\/uploads\/2025\/11\/p626.jpg\" \/>\n\t<meta property=\"og:image:width\" content=\"1000\" \/>\n\t<meta property=\"og:image:height\" content=\"750\" \/>\n\t<meta property=\"og:image:type\" content=\"image\/jpeg\" \/>\n<meta name=\"twitter:card\" content=\"summary_large_image\" \/>\n<script type=\"application\/ld+json\" class=\"yoast-schema-graph\">{\"@context\":\"https:\/\/schema.org\",\"@graph\":[{\"@type\":\"WebPage\",\"@id\":\"https:\/\/supplybr.com\/produto\/capo-do-quadro-pn-565636-03-alfa-laval\/\",\"url\":\"https:\/\/supplybr.com\/produto\/capo-do-quadro-pn-565636-03-alfa-laval\/\",\"name\":\"Cap\u00f4 do quadro PN 565636 03 ALFA LAVAL - Smart Supply\",\"isPartOf\":{\"@id\":\"https:\/\/supplybr.com\/#website\"},\"primaryImageOfPage\":{\"@id\":\"https:\/\/supplybr.com\/produto\/capo-do-quadro-pn-565636-03-alfa-laval\/#primaryimage\"},\"image\":{\"@id\":\"https:\/\/supplybr.com\/produto\/capo-do-quadro-pn-565636-03-alfa-laval\/#primaryimage\"},\"thumbnailUrl\":\"https:\/\/supplybr.com\/wp-content\/uploads\/2025\/11\/p626.jpg\",\"datePublished\":\"2025-11-25T22:19:58+00:00\",\"dateModified\":\"2025-11-25T22:20:08+00:00\",\"breadcrumb\":{\"@id\":\"https:\/\/supplybr.com\/produto\/capo-do-quadro-pn-565636-03-alfa-laval\/#breadcrumb\"},\"inLanguage\":\"en-US\",\"potentialAction\":[{\"@type\":\"ReadAction\",\"target\":[\"https:\/\/supplybr.com\/produto\/capo-do-quadro-pn-565636-03-alfa-laval\/\"]}]},{\"@type\":\"ImageObject\",\"inLanguage\":\"en-US\",\"@id\":\"https:\/\/supplybr.com\/produto\/capo-do-quadro-pn-565636-03-alfa-laval\/#primaryimage\",\"url\":\"https:\/\/supplybr.com\/wp-content\/uploads\/2025\/11\/p626.jpg\",\"contentUrl\":\"https:\/\/supplybr.com\/wp-content\/uploads\/2025\/11\/p626.jpg\",\"width\":1000,\"height\":750},{\"@type\":\"BreadcrumbList\",\"@id\":\"https:\/\/supplybr.com\/produto\/capo-do-quadro-pn-565636-03-alfa-laval\/#breadcrumb\",\"itemListElement\":[{\"@type\":\"ListItem\",\"position\":1,\"name\":\"In\u00edcio\",\"item\":\"https:\/\/supplybr.com\/\"},{\"@type\":\"ListItem\",\"position\":2,\"name\":\"Produtos\",\"item\":\"https:\/\/supplybr.com\/produtos\/\"},{\"@type\":\"ListItem\",\"position\":3,\"name\":\"Cap\u00f4 do quadro PN 565636 03 ALFA LAVAL\"}]},{\"@type\":\"WebSite\",\"@id\":\"https:\/\/supplybr.com\/#website\",\"url\":\"https:\/\/supplybr.com\/\",\"name\":\"Smart Supply\",\"description\":\"\",\"publisher\":{\"@id\":\"https:\/\/supplybr.com\/#organization\"},\"potentialAction\":[{\"@type\":\"SearchAction\",\"target\":{\"@type\":\"EntryPoint\",\"urlTemplate\":\"https:\/\/supplybr.com\/?s={search_term_string}\"},\"query-input\":{\"@type\":\"PropertyValueSpecification\",\"valueRequired\":true,\"valueName\":\"search_term_string\"}}],\"inLanguage\":\"en-US\"},{\"@type\":\"Organization\",\"@id\":\"https:\/\/supplybr.com\/#organization\",\"name\":\"Smart Supply\",\"url\":\"https:\/\/supplybr.com\/\",\"logo\":{\"@type\":\"ImageObject\",\"inLanguage\":\"en-US\",\"@id\":\"https:\/\/supplybr.com\/#\/schema\/logo\/image\/\",\"url\":\"https:\/\/supplybr.com\/wp-content\/uploads\/2025\/11\/Logo-RGB_Smart-Supply-02-scaled.png\",\"contentUrl\":\"https:\/\/supplybr.com\/wp-content\/uploads\/2025\/11\/Logo-RGB_Smart-Supply-02-scaled.png\",\"width\":2560,\"height\":333,\"caption\":\"Smart Supply\"},\"image\":{\"@id\":\"https:\/\/supplybr.com\/#\/schema\/logo\/image\/\"}}]}<\/script>\n<!-- \/ Yoast SEO plugin. -->","yoast_head_json":{"title":"Cap\u00f4 do quadro PN 565636 03 ALFA LAVAL - Smart Supply","robots":{"index":"index","follow":"follow","max-snippet":"max-snippet:-1","max-image-preview":"max-image-preview:large","max-video-preview":"max-video-preview:-1"},"canonical":"https:\/\/supplybr.com\/en\/product\/capo-do-quadro-pn-565636-03-alfa-laval\/","og_locale":"en_US","og_type":"article","og_title":"Cap\u00f4 do quadro PN 565636 03 ALFA LAVAL - Smart Supply","og_description":"PART NUMBERS: [ninja_tables id=&#8221;12447&#8243;] PORTUGU\u00caS: [ninja_tables id=&#8221;9087&#8243;] ENGLISH: [ninja_tables id=&#8221;11156&#8243;] APLICA\u00c7\u00c3O: [ninja_tables id=&#8221;23846&#8243;]","og_url":"https:\/\/supplybr.com\/en\/product\/capo-do-quadro-pn-565636-03-alfa-laval\/","og_site_name":"Smart Supply","article_modified_time":"2025-11-25T22:20:08+00:00","og_image":[{"width":1000,"height":750,"url":"https:\/\/supplybr.com\/wp-content\/uploads\/2025\/11\/p626.jpg","type":"image\/jpeg"}],"twitter_card":"summary_large_image","schema":{"@context":"https:\/\/schema.org","@graph":[{"@type":"WebPage","@id":"https:\/\/supplybr.com\/produto\/capo-do-quadro-pn-565636-03-alfa-laval\/","url":"https:\/\/supplybr.com\/produto\/capo-do-quadro-pn-565636-03-alfa-laval\/","name":"Cap\u00f4 do quadro PN 565636 03 ALFA LAVAL - Smart Supply","isPartOf":{"@id":"https:\/\/supplybr.com\/#website"},"primaryImageOfPage":{"@id":"https:\/\/supplybr.com\/produto\/capo-do-quadro-pn-565636-03-alfa-laval\/#primaryimage"},"image":{"@id":"https:\/\/supplybr.com\/produto\/capo-do-quadro-pn-565636-03-alfa-laval\/#primaryimage"},"thumbnailUrl":"https:\/\/supplybr.com\/wp-content\/uploads\/2025\/11\/p626.jpg","datePublished":"2025-11-25T22:19:58+00:00","dateModified":"2025-11-25T22:20:08+00:00","breadcrumb":{"@id":"https:\/\/supplybr.com\/produto\/capo-do-quadro-pn-565636-03-alfa-laval\/#breadcrumb"},"inLanguage":"en-US","potentialAction":[{"@type":"ReadAction","target":["https:\/\/supplybr.com\/produto\/capo-do-quadro-pn-565636-03-alfa-laval\/"]}]},{"@type":"ImageObject","inLanguage":"en-US","@id":"https:\/\/supplybr.com\/produto\/capo-do-quadro-pn-565636-03-alfa-laval\/#primaryimage","url":"https:\/\/supplybr.com\/wp-content\/uploads\/2025\/11\/p626.jpg","contentUrl":"https:\/\/supplybr.com\/wp-content\/uploads\/2025\/11\/p626.jpg","width":1000,"height":750},{"@type":"BreadcrumbList","@id":"https:\/\/supplybr.com\/produto\/capo-do-quadro-pn-565636-03-alfa-laval\/#breadcrumb","itemListElement":[{"@type":"ListItem","position":1,"name":"In\u00edcio","item":"https:\/\/supplybr.com\/"},{"@type":"ListItem","position":2,"name":"Produtos","item":"https:\/\/supplybr.com\/produtos\/"},{"@type":"ListItem","position":3,"name":"Cap\u00f4 do quadro PN 565636 03 ALFA LAVAL"}]},{"@type":"WebSite","@id":"https:\/\/supplybr.com\/#website","url":"https:\/\/supplybr.com\/","name":"Smart Supply","description":"","publisher":{"@id":"https:\/\/supplybr.com\/#organization"},"potentialAction":[{"@type":"SearchAction","target":{"@type":"EntryPoint","urlTemplate":"https:\/\/supplybr.com\/?s={search_term_string}"},"query-input":{"@type":"PropertyValueSpecification","valueRequired":true,"valueName":"search_term_string"}}],"inLanguage":"en-US"},{"@type":"Organization","@id":"https:\/\/supplybr.com\/#organization","name":"Smart Supply","url":"https:\/\/supplybr.com\/","logo":{"@type":"ImageObject","inLanguage":"en-US","@id":"https:\/\/supplybr.com\/#\/schema\/logo\/image\/","url":"https:\/\/supplybr.com\/wp-content\/uploads\/2025\/11\/Logo-RGB_Smart-Supply-02-scaled.png","contentUrl":"https:\/\/supplybr.com\/wp-content\/uploads\/2025\/11\/Logo-RGB_Smart-Supply-02-scaled.png","width":2560,"height":333,"caption":"Smart Supply"},"image":{"@id":"https:\/\/supplybr.com\/#\/schema\/logo\/image\/"}}]}},"_links":{"self":[{"href":"https:\/\/supplybr.com\/en\/wp-json\/wp\/v2\/product\/10870","targetHints":{"allow":["GET"]}}],"collection":[{"href":"https:\/\/supplybr.com\/en\/wp-json\/wp\/v2\/product"}],"about":[{"href":"https:\/\/supplybr.com\/en\/wp-json\/wp\/v2\/types\/product"}],"wp:featuredmedia":[{"embeddable":true,"href":"https:\/\/supplybr.com\/en\/wp-json\/wp\/v2\/media\/5238"}],"wp:attachment":[{"href":"https:\/\/supplybr.com\/en\/wp-json\/wp\/v2\/media?parent=10870"}],"wp:term":[{"taxonomy":"product_brand","embeddable":true,"href":"https:\/\/supplybr.com\/en\/wp-json\/wp\/v2\/product_brand?post=10870"},{"taxonomy":"product_cat","embeddable":true,"href":"https:\/\/supplybr.com\/en\/wp-json\/wp\/v2\/product_cat?post=10870"},{"taxonomy":"product_tag","embeddable":true,"href":"https:\/\/supplybr.com\/en\/wp-json\/wp\/v2\/product_tag?post=10870"}],"curies":[{"name":"wp","href":"https:\/\/api.w.org\/{rel}","templated":true}]}}