{"id":702,"date":"2025-11-05T17:50:50","date_gmt":"2025-11-05T20:50:50","guid":{"rendered":"https:\/\/supplybr.com\/request-quote\/"},"modified":"2025-11-27T14:34:16","modified_gmt":"2025-11-27T17:34:16","slug":"cotacao","status":"publish","type":"page","link":"https:\/\/supplybr.com\/en\/cotacao\/","title":{"rendered":"Cota\u00e7\u00e3o"},"content":{"rendered":"<div data-elementor-type=\"wp-page\" data-elementor-id=\"702\" class=\"elementor elementor-702\" data-elementor-post-type=\"page\">\n\t\t\t\t<div class=\"elementor-element elementor-element-2991a1e e-con-full e-flex e-con e-parent\" data-id=\"2991a1e\" data-element_type=\"container\" data-settings=\"{&quot;background_background&quot;:&quot;classic&quot;}\">\n\t\t<div class=\"elementor-element elementor-element-38028df e-flex e-con-boxed e-con e-child\" data-id=\"38028df\" data-element_type=\"container\">\n\t\t\t\t\t<div class=\"e-con-inner\">\n\t\t\t\t<div class=\"elementor-element elementor-element-21adb26 elementor-widget elementor-widget-heading\" data-id=\"21adb26\" data-element_type=\"widget\" data-widget_type=\"heading.default\">\n\t\t\t\t\t<h1 class=\"elementor-heading-title elementor-size-default\">Solu\u00e7\u00f5es seguras e <br \/>\neficientes, com <b>atendimento <br \/>\nsob medida para voc\u00ea.<\/b><\/h1>\t\t\t\t<\/div>\n\t\t\t\t<div class=\"elementor-element elementor-element-ad8c396 elementor-widget elementor-widget-heading\" data-id=\"ad8c396\" data-element_type=\"widget\" data-widget_type=\"heading.default\">\n\t\t\t\t\t<h1 class=\"elementor-heading-title elementor-size-default\">Realize a <br \/>\nsua cota\u00e7\u00e3o.<\/h1>\t\t\t\t<\/div>\n\t\t\t\t\t<\/div>\n\t\t\t\t<\/div>\n\t\t\t\t<\/div>\n\t\t<div class=\"elementor-element elementor-element-6561090b e-flex e-con-boxed e-con e-parent\" data-id=\"6561090b\" data-element_type=\"container\">\n\t\t\t\t\t<div class=\"e-con-inner\">\n\t\t\t\t<div class=\"elementor-element elementor-element-71d6ac9b elementor-widget elementor-widget-text-editor\" data-id=\"71d6ac9b\" data-element_type=\"widget\" data-widget_type=\"text-editor.default\">\n\t\t\t\t\t\t\t\t\t<p>\n<div class=\"woocommerce ywraq-wrapper ywraq-empty\">\n\t\t\t<div id=\"yith-ywraq-message\"><div class=\"ywraq-question-message\">\n\t<\/div>\n<\/div>\n\t\t\n\t\t\t\t<div class=\"ywraq-form-table-wrapper vertical\">\n\t\t\t<div class=\"ywraq-before-form\">\n<p class=\"ywraq_list_empty_message\">Your list is empty, add products to the list to send a request<p><p class=\"return-to-shop\"><a class=\"button wc-backward\" href=\"https:\/\/supplybr.com\/en\/produtos\/\">Retornar para a Loja<\/a><\/p><\/div>\n\t\t\t\t\t<\/div>\n\t<\/div>\n<\/p>\t\t\t\t\t\t\t\t<\/div>\n\t\t\t\t<div class=\"elementor-element elementor-element-542059f elementor-widget elementor-widget-html\" data-id=\"542059f\" data-element_type=\"widget\" data-widget_type=\"html.default\">\n\t\t\t\t\t<script>\n    const textarea = document.querySelector(\"#message\");\n    textarea.setAttribute(\"rows\", \"5\");\n<\/script>\t\t\t\t<\/div>\n\t\t\t\t\t<\/div>\n\t\t\t\t<\/div>\n\t\t\t\t<\/div>","protected":false},"excerpt":{"rendered":"<p>Solu\u00e7\u00f5es seguras e eficientes, com atendimento sob medida para voc\u00ea. Realize a sua cota\u00e7\u00e3o.<\/p>","protected":false},"author":1,"featured_media":0,"parent":0,"menu_order":0,"comment_status":"closed","ping_status":"closed","template":"elementor_header_footer","meta":{"_acf_changed":false,"_joinchat":[],"footnotes":""},"class_list":["post-702","page","type-page","status-publish","hentry"],"acf":[],"yoast_head":"<!-- This site is optimized with the Yoast SEO plugin v26.4 - https:\/\/yoast.com\/wordpress\/plugins\/seo\/ -->\n<title>Cota\u00e7\u00e3o - Smart Supply<\/title>\n<meta name=\"robots\" content=\"index, follow, max-snippet:-1, max-image-preview:large, max-video-preview:-1\" \/>\n<link rel=\"canonical\" href=\"https:\/\/supplybr.com\/en\/cotacao\/\" \/>\n<meta property=\"og:locale\" content=\"en_US\" \/>\n<meta property=\"og:type\" content=\"article\" \/>\n<meta property=\"og:title\" content=\"Cota\u00e7\u00e3o - Smart Supply\" \/>\n<meta property=\"og:description\" content=\"Solu\u00e7\u00f5es seguras e eficientes, com atendimento sob medida para voc\u00ea. Realize a sua cota\u00e7\u00e3o.\" \/>\n<meta property=\"og:url\" content=\"https:\/\/supplybr.com\/en\/cotacao\/\" \/>\n<meta property=\"og:site_name\" content=\"Smart Supply\" \/>\n<meta property=\"article:modified_time\" content=\"2025-11-27T17:34:16+00:00\" \/>\n<meta name=\"twitter:card\" content=\"summary_large_image\" \/>\n<meta name=\"twitter:label1\" content=\"Est. reading time\" \/>\n\t<meta name=\"twitter:data1\" content=\"1 minute\" \/>\n<script type=\"application\/ld+json\" class=\"yoast-schema-graph\">{\"@context\":\"https:\/\/schema.org\",\"@graph\":[{\"@type\":\"WebPage\",\"@id\":\"https:\/\/supplybr.com\/cotacao\/\",\"url\":\"https:\/\/supplybr.com\/cotacao\/\",\"name\":\"Cota\u00e7\u00e3o - Smart Supply\",\"isPartOf\":{\"@id\":\"https:\/\/supplybr.com\/#website\"},\"datePublished\":\"2025-11-05T20:50:50+00:00\",\"dateModified\":\"2025-11-27T17:34:16+00:00\",\"breadcrumb\":{\"@id\":\"https:\/\/supplybr.com\/cotacao\/#breadcrumb\"},\"inLanguage\":\"en-US\",\"potentialAction\":[{\"@type\":\"ReadAction\",\"target\":[\"https:\/\/supplybr.com\/cotacao\/\"]}]},{\"@type\":\"BreadcrumbList\",\"@id\":\"https:\/\/supplybr.com\/cotacao\/#breadcrumb\",\"itemListElement\":[{\"@type\":\"ListItem\",\"position\":1,\"name\":\"In\u00edcio\",\"item\":\"https:\/\/supplybr.com\/\"},{\"@type\":\"ListItem\",\"position\":2,\"name\":\"Cota\u00e7\u00e3o\"}]},{\"@type\":\"WebSite\",\"@id\":\"https:\/\/supplybr.com\/#website\",\"url\":\"https:\/\/supplybr.com\/\",\"name\":\"Smart Supply\",\"description\":\"\",\"publisher\":{\"@id\":\"https:\/\/supplybr.com\/#organization\"},\"potentialAction\":[{\"@type\":\"SearchAction\",\"target\":{\"@type\":\"EntryPoint\",\"urlTemplate\":\"https:\/\/supplybr.com\/?s={search_term_string}\"},\"query-input\":{\"@type\":\"PropertyValueSpecification\",\"valueRequired\":true,\"valueName\":\"search_term_string\"}}],\"inLanguage\":\"en-US\"},{\"@type\":\"Organization\",\"@id\":\"https:\/\/supplybr.com\/#organization\",\"name\":\"Smart Supply\",\"url\":\"https:\/\/supplybr.com\/\",\"logo\":{\"@type\":\"ImageObject\",\"inLanguage\":\"en-US\",\"@id\":\"https:\/\/supplybr.com\/#\/schema\/logo\/image\/\",\"url\":\"https:\/\/supplybr.com\/wp-content\/uploads\/2025\/11\/Logo-RGB_Smart-Supply-02-scaled.png\",\"contentUrl\":\"https:\/\/supplybr.com\/wp-content\/uploads\/2025\/11\/Logo-RGB_Smart-Supply-02-scaled.png\",\"width\":2560,\"height\":333,\"caption\":\"Smart Supply\"},\"image\":{\"@id\":\"https:\/\/supplybr.com\/#\/schema\/logo\/image\/\"}}]}<\/script>\n<!-- \/ Yoast SEO plugin. -->","yoast_head_json":{"title":"Cota\u00e7\u00e3o - Smart Supply","robots":{"index":"index","follow":"follow","max-snippet":"max-snippet:-1","max-image-preview":"max-image-preview:large","max-video-preview":"max-video-preview:-1"},"canonical":"https:\/\/supplybr.com\/en\/cotacao\/","og_locale":"en_US","og_type":"article","og_title":"Cota\u00e7\u00e3o - Smart Supply","og_description":"Solu\u00e7\u00f5es seguras e eficientes, com atendimento sob medida para voc\u00ea. Realize a sua cota\u00e7\u00e3o.","og_url":"https:\/\/supplybr.com\/en\/cotacao\/","og_site_name":"Smart Supply","article_modified_time":"2025-11-27T17:34:16+00:00","twitter_card":"summary_large_image","twitter_misc":{"Est. reading time":"1 minute"},"schema":{"@context":"https:\/\/schema.org","@graph":[{"@type":"WebPage","@id":"https:\/\/supplybr.com\/cotacao\/","url":"https:\/\/supplybr.com\/cotacao\/","name":"Cota\u00e7\u00e3o - Smart Supply","isPartOf":{"@id":"https:\/\/supplybr.com\/#website"},"datePublished":"2025-11-05T20:50:50+00:00","dateModified":"2025-11-27T17:34:16+00:00","breadcrumb":{"@id":"https:\/\/supplybr.com\/cotacao\/#breadcrumb"},"inLanguage":"en-US","potentialAction":[{"@type":"ReadAction","target":["https:\/\/supplybr.com\/cotacao\/"]}]},{"@type":"BreadcrumbList","@id":"https:\/\/supplybr.com\/cotacao\/#breadcrumb","itemListElement":[{"@type":"ListItem","position":1,"name":"In\u00edcio","item":"https:\/\/supplybr.com\/"},{"@type":"ListItem","position":2,"name":"Cota\u00e7\u00e3o"}]},{"@type":"WebSite","@id":"https:\/\/supplybr.com\/#website","url":"https:\/\/supplybr.com\/","name":"Smart Supply","description":"","publisher":{"@id":"https:\/\/supplybr.com\/#organization"},"potentialAction":[{"@type":"SearchAction","target":{"@type":"EntryPoint","urlTemplate":"https:\/\/supplybr.com\/?s={search_term_string}"},"query-input":{"@type":"PropertyValueSpecification","valueRequired":true,"valueName":"search_term_string"}}],"inLanguage":"en-US"},{"@type":"Organization","@id":"https:\/\/supplybr.com\/#organization","name":"Smart Supply","url":"https:\/\/supplybr.com\/","logo":{"@type":"ImageObject","inLanguage":"en-US","@id":"https:\/\/supplybr.com\/#\/schema\/logo\/image\/","url":"https:\/\/supplybr.com\/wp-content\/uploads\/2025\/11\/Logo-RGB_Smart-Supply-02-scaled.png","contentUrl":"https:\/\/supplybr.com\/wp-content\/uploads\/2025\/11\/Logo-RGB_Smart-Supply-02-scaled.png","width":2560,"height":333,"caption":"Smart Supply"},"image":{"@id":"https:\/\/supplybr.com\/#\/schema\/logo\/image\/"}}]}},"_links":{"self":[{"href":"https:\/\/supplybr.com\/en\/wp-json\/wp\/v2\/pages\/702","targetHints":{"allow":["GET"]}}],"collection":[{"href":"https:\/\/supplybr.com\/en\/wp-json\/wp\/v2\/pages"}],"about":[{"href":"https:\/\/supplybr.com\/en\/wp-json\/wp\/v2\/types\/page"}],"author":[{"embeddable":true,"href":"https:\/\/supplybr.com\/en\/wp-json\/wp\/v2\/users\/1"}],"replies":[{"embeddable":true,"href":"https:\/\/supplybr.com\/en\/wp-json\/wp\/v2\/comments?post=702"}],"version-history":[{"count":85,"href":"https:\/\/supplybr.com\/en\/wp-json\/wp\/v2\/pages\/702\/revisions"}],"predecessor-version":[{"id":39679,"href":"https:\/\/supplybr.com\/en\/wp-json\/wp\/v2\/pages\/702\/revisions\/39679"}],"wp:attachment":[{"href":"https:\/\/supplybr.com\/en\/wp-json\/wp\/v2\/media?parent=702"}],"curies":[{"name":"wp","href":"https:\/\/api.w.org\/{rel}","templated":true}]}}