{"id":483,"date":"2025-11-05T11:34:57","date_gmt":"2025-11-05T14:34:57","guid":{"rendered":"https:\/\/supplybr.com\/?page_id=483"},"modified":"2026-01-26T13:58:23","modified_gmt":"2026-01-26T16:58:23","slug":"contato","status":"publish","type":"page","link":"https:\/\/supplybr.com\/en\/contato\/","title":{"rendered":"Contato"},"content":{"rendered":"<div data-elementor-type=\"wp-page\" data-elementor-id=\"483\" class=\"elementor elementor-483\" data-elementor-post-type=\"page\">\n\t\t\t\t<div class=\"elementor-element elementor-element-b7fb5d6 e-flex e-con-boxed e-con e-parent\" data-id=\"b7fb5d6\" data-element_type=\"container\" data-settings=\"{&quot;background_background&quot;:&quot;classic&quot;}\">\n\t\t\t\t\t<div class=\"e-con-inner\">\n\t\t<div class=\"elementor-element elementor-element-61092ce e-con-full e-flex e-con e-child\" data-id=\"61092ce\" data-element_type=\"container\">\n\t\t\t\t<div class=\"elementor-element elementor-element-f0bbc83 elementor-widget elementor-widget-heading\" data-id=\"f0bbc83\" data-element_type=\"widget\" data-widget_type=\"heading.default\">\n\t\t\t\t\t<h1 class=\"elementor-heading-title elementor-size-default\">Entre em contato\n<\/h1>\t\t\t\t<\/div>\n\t\t\t\t<div class=\"elementor-element elementor-element-dd72af4 elementor-widget elementor-widget-heading\" data-id=\"dd72af4\" data-element_type=\"widget\" data-widget_type=\"heading.default\">\n\t\t\t\t\t<h1 class=\"elementor-heading-title elementor-size-default\">Nossos especialistas est\u00e3o prontos para atender voc\u00ea.\n\n<\/h1>\t\t\t\t<\/div>\n\t\t\t\t<\/div>\n\t\t<div class=\"elementor-element elementor-element-f801f5a e-con-full e-grid e-con e-child\" data-id=\"f801f5a\" data-element_type=\"container\" data-settings=\"{&quot;background_background&quot;:&quot;classic&quot;}\">\n\t\t<div class=\"elementor-element elementor-element-87a7d53 e-con-full e-flex e-con e-child\" data-id=\"87a7d53\" data-element_type=\"container\">\n\t\t\t\t<div class=\"elementor-element elementor-element-6255380 elementor-widget elementor-widget-text-editor\" data-id=\"6255380\" data-element_type=\"widget\" data-widget_type=\"text-editor.default\">\n\t\t\t\t\t\t\t\t\t<p><strong>Fique \u00e0 vontade<\/strong><br \/><strong>para nos contatar<\/strong><br \/>atrav\u00e9s de nossos<br \/>canais de atendimento.<\/p>\t\t\t\t\t\t\t\t<\/div>\n\t\t<div class=\"elementor-element elementor-element-f32e21a e-con-full e-flex e-con e-child\" data-id=\"f32e21a\" data-element_type=\"container\">\n\t\t\t\t<div class=\"elementor-element elementor-element-7a1ac56 elementor-widget elementor-widget-heading\" data-id=\"7a1ac56\" data-element_type=\"widget\" data-widget_type=\"heading.default\">\n\t\t\t\t\t<h2 class=\"elementor-heading-title elementor-size-default\">E-MAIL<\/h2>\t\t\t\t<\/div>\n\t\t<div class=\"elementor-element elementor-element-767fbef e-con-full e-flex e-con e-child\" data-id=\"767fbef\" data-element_type=\"container\">\n\t\t\t\t<div class=\"elementor-element elementor-element-a59fa94 elementor-widget elementor-widget-image\" data-id=\"a59fa94\" data-element_type=\"widget\" data-widget_type=\"image.default\">\n\t\t\t\t\t\t\t\t\t\t\t\t\t\t\t<img decoding=\"async\" width=\"15\" height=\"11\" src=\"https:\/\/supplybr.com\/wp-content\/uploads\/2025\/11\/email-preto-azul.svg\" class=\"attachment-large size-large wp-image-849\" alt=\"\" \/>\t\t\t\t\t\t\t\t\t\t\t\t\t\t\t<\/div>\n\t\t\t\t<div class=\"elementor-element elementor-element-06b66b8 elementor-widget elementor-widget-heading\" data-id=\"06b66b8\" data-element_type=\"widget\" data-widget_type=\"heading.default\">\n\t\t\t\t\t<p class=\"elementor-heading-title elementor-size-default\"><a href=\"mailto:info@supplybr.com\" target=\"_blank\">info@supplybr.com<\/a><\/p>\t\t\t\t<\/div>\n\t\t\t\t<\/div>\n\t\t\t\t<\/div>\n\t\t<div class=\"elementor-element elementor-element-f7090ff e-con-full e-flex e-con e-child\" data-id=\"f7090ff\" data-element_type=\"container\">\n\t\t\t\t<div class=\"elementor-element elementor-element-658cbb9 elementor-widget elementor-widget-heading\" data-id=\"658cbb9\" data-element_type=\"widget\" data-widget_type=\"heading.default\">\n\t\t\t\t\t<h2 class=\"elementor-heading-title elementor-size-default\">WHATSAPP<\/h2>\t\t\t\t<\/div>\n\t\t<div class=\"elementor-element elementor-element-217fef6 e-con-full e-flex e-con e-child\" data-id=\"217fef6\" data-element_type=\"container\">\n\t\t\t\t<div class=\"elementor-element elementor-element-a957e46 elementor-widget elementor-widget-image\" data-id=\"a957e46\" data-element_type=\"widget\" data-widget_type=\"image.default\">\n\t\t\t\t\t\t\t\t\t\t\t\t\t\t\t<img decoding=\"async\" width=\"24\" height=\"22\" src=\"https:\/\/supplybr.com\/wp-content\/uploads\/2025\/11\/whatsapp-azul.svg\" class=\"attachment-large size-large wp-image-888\" alt=\"\" \/>\t\t\t\t\t\t\t\t\t\t\t\t\t\t\t<\/div>\n\t\t\t\t<div class=\"elementor-element elementor-element-dde575a elementor-widget elementor-widget-heading\" data-id=\"dde575a\" data-element_type=\"widget\" data-widget_type=\"heading.default\">\n\t\t\t\t\t<p class=\"elementor-heading-title elementor-size-default\"><a href=\"https:\/\/api.whatsapp.com\/send\/?phone=554730814822&#038;text=Ol%C3%A1%2C+Smart+Supply%21Estava+na+p%C3%A1gina+Smart+Supply+e+gostaria+de+receber+mais+informa%C3%A7%C3%B5es.&#038;type=phone_number&#038;app_absent=0\" target=\"_blank\">+55 47 3081 4822<\/a><\/p>\t\t\t\t<\/div>\n\t\t\t\t<\/div>\n\t\t\t\t<\/div>\n\t\t<div class=\"elementor-element elementor-element-33715fa e-con-full e-flex e-con e-child\" data-id=\"33715fa\" data-element_type=\"container\">\n\t\t<div class=\"elementor-element elementor-element-8c56e7b e-con-full e-flex e-con e-child\" data-id=\"8c56e7b\" data-element_type=\"container\">\n\t\t\t\t<div class=\"elementor-element elementor-element-58f6f6e elementor-widget elementor-widget-heading\" data-id=\"58f6f6e\" data-element_type=\"widget\" data-widget_type=\"heading.default\">\n\t\t\t\t\t<h2 class=\"elementor-heading-title elementor-size-default\">TELEFONE<\/h2>\t\t\t\t<\/div>\n\t\t<div class=\"elementor-element elementor-element-fc64de5 e-con-full e-flex e-con e-child\" data-id=\"fc64de5\" data-element_type=\"container\">\n\t\t\t\t<div class=\"elementor-element elementor-element-3bc76b3 elementor-widget elementor-widget-image\" data-id=\"3bc76b3\" data-element_type=\"widget\" data-widget_type=\"image.default\">\n\t\t\t\t\t\t\t\t\t\t\t\t\t\t\t<img decoding=\"async\" width=\"14\" height=\"15\" src=\"https:\/\/supplybr.com\/wp-content\/uploads\/2025\/11\/telefone-preto-azul.svg\" class=\"attachment-large size-large wp-image-850\" alt=\"\" \/>\t\t\t\t\t\t\t\t\t\t\t\t\t\t\t<\/div>\n\t\t\t\t<div class=\"elementor-element elementor-element-75f0e36 elementor-widget elementor-widget-heading\" data-id=\"75f0e36\" data-element_type=\"widget\" data-widget_type=\"heading.default\">\n\t\t\t\t\t<p class=\"elementor-heading-title elementor-size-default\"><a href=\"tel:+554730814822\" target=\"_blank\">+55 47 3081 4822<\/a><\/p>\t\t\t\t<\/div>\n\t\t\t\t<\/div>\n\t\t\t\t<\/div>\n\t\t<div class=\"elementor-element elementor-element-c942a1b e-con-full e-flex e-con e-child\" data-id=\"c942a1b\" data-element_type=\"container\">\n\t\t\t\t<div class=\"elementor-element elementor-element-cc8ce98 elementor-widget elementor-widget-heading\" data-id=\"cc8ce98\" data-element_type=\"widget\" data-widget_type=\"heading.default\">\n\t\t\t\t\t<h2 class=\"elementor-heading-title elementor-size-default\">REDES SOCIAIS<\/h2>\t\t\t\t<\/div>\n\t\t<div class=\"elementor-element elementor-element-8abf771 e-con-full e-flex e-con e-child\" data-id=\"8abf771\" data-element_type=\"container\">\n\t\t\t\t<div class=\"elementor-element elementor-element-f6a7eb6 elementor-widget elementor-widget-image\" data-id=\"f6a7eb6\" data-element_type=\"widget\" data-widget_type=\"image.default\">\n\t\t\t\t\t\t\t\t\t\t\t\t\t\t\t<img loading=\"lazy\" decoding=\"async\" width=\"21\" height=\"22\" src=\"https:\/\/supplybr.com\/wp-content\/uploads\/2025\/11\/instagram-azul.svg\" class=\"attachment-large size-large wp-image-889\" alt=\"\" \/>\t\t\t\t\t\t\t\t\t\t\t\t\t\t\t<\/div>\n\t\t\t\t<div class=\"elementor-element elementor-element-b59b679 elementor-widget elementor-widget-heading\" data-id=\"b59b679\" data-element_type=\"widget\" data-widget_type=\"heading.default\">\n\t\t\t\t\t<p class=\"elementor-heading-title elementor-size-default\"><a href=\"https:\/\/www.instagram.com\/smartsupplybr\/\" target=\"_blank\">@smartsupplybr<\/a><\/p>\t\t\t\t<\/div>\n\t\t\t\t<\/div>\n\t\t<div class=\"elementor-element elementor-element-b01d35d e-con-full e-flex e-con e-child\" data-id=\"b01d35d\" data-element_type=\"container\">\n\t\t\t\t<div class=\"elementor-element elementor-element-24978d1 elementor-widget elementor-widget-image\" data-id=\"24978d1\" data-element_type=\"widget\" data-widget_type=\"image.default\">\n\t\t\t\t\t\t\t\t\t\t\t\t\t\t\t<img loading=\"lazy\" decoding=\"async\" width=\"17\" height=\"18\" src=\"https:\/\/supplybr.com\/wp-content\/uploads\/2025\/11\/linkedin.svg\" class=\"attachment-large size-large wp-image-848\" alt=\"\" \/>\t\t\t\t\t\t\t\t\t\t\t\t\t\t\t<\/div>\n\t\t\t\t<div class=\"elementor-element elementor-element-0d556f3 elementor-widget elementor-widget-heading\" data-id=\"0d556f3\" data-element_type=\"widget\" data-widget_type=\"heading.default\">\n\t\t\t\t\t<p class=\"elementor-heading-title elementor-size-default\"><a href=\"https:\/\/www.linkedin.com\/company\/smartsupplybr\/\" target=\"_blank\">Smart Supply<\/a><\/p>\t\t\t\t<\/div>\n\t\t\t\t<\/div>\n\t\t\t\t<\/div>\n\t\t\t\t<\/div>\n\t\t\t\t<\/div>\n\t\t<div class=\"elementor-element elementor-element-e67b98f e-con-full e-flex e-con e-child\" data-id=\"e67b98f\" data-element_type=\"container\">\n\t\t\t\t<div class=\"elementor-element elementor-element-8c3d9ed elementor-button-align-stretch elementor-widget elementor-widget-form\" data-id=\"8c3d9ed\" data-element_type=\"widget\" data-settings=\"{&quot;step_next_label&quot;:&quot;Pr\\u00f3ximo&quot;,&quot;step_previous_label&quot;:&quot;Anterior&quot;,&quot;button_width&quot;:&quot;100&quot;,&quot;step_type&quot;:&quot;number_text&quot;,&quot;step_icon_shape&quot;:&quot;circle&quot;}\" data-widget_type=\"form.default\">\n\t\t\t\t\t\t\t<form class=\"elementor-form\" method=\"post\" name=\"Formul\u00e1rio Contato\" aria-label=\"Formul\u00e1rio Contato\" action=\"\">\n\t\t\t<input type=\"hidden\" name=\"post_id\" value=\"483\"\/>\n\t\t\t<input type=\"hidden\" name=\"form_id\" value=\"8c3d9ed\"\/>\n\t\t\t<input type=\"hidden\" name=\"referer_title\" value=\"Contato - Smart Supply\" \/>\n\n\t\t\t\t\t\t\t<input type=\"hidden\" name=\"queried_id\" value=\"483\"\/>\n\t\t\t\n\t\t\t<div class=\"elementor-form-fields-wrapper elementor-labels-above\">\n\t\t\t\t\t\t\t\t<div class=\"elementor-field-type-text elementor-field-group elementor-column elementor-field-group-name elementor-col-100\">\n\t\t\t\t\t\t\t\t\t\t\t\t<label for=\"form-field-name\" class=\"elementor-field-label\">\n\t\t\t\t\t\t\t\tNome\t\t\t\t\t\t\t<\/label>\n\t\t\t\t\t\t\t\t\t\t\t\t\t\t<input size=\"1\" type=\"text\" name=\"form_fields[name]\" id=\"form-field-name\" class=\"elementor-field elementor-size-sm  elementor-field-textual\" placeholder=\"Digite aqui\">\n\t\t\t\t\t\t\t\t\t\t\t<\/div>\n\t\t\t\t\t\t\t\t<div class=\"elementor-field-type-text elementor-field-group elementor-column elementor-field-group-empresa elementor-col-100\">\n\t\t\t\t\t\t\t\t\t\t\t\t<label for=\"form-field-empresa\" class=\"elementor-field-label\">\n\t\t\t\t\t\t\t\tEmpresa\t\t\t\t\t\t\t<\/label>\n\t\t\t\t\t\t\t\t\t\t\t\t\t\t<input size=\"1\" type=\"text\" name=\"form_fields[empresa]\" id=\"form-field-empresa\" class=\"elementor-field elementor-size-sm  elementor-field-textual\" placeholder=\"Digite aqui\">\n\t\t\t\t\t\t\t\t\t\t\t<\/div>\n\t\t\t\t\t\t\t\t<div class=\"elementor-field-type-email elementor-field-group elementor-column elementor-field-group-email elementor-col-50 elementor-field-required\">\n\t\t\t\t\t\t\t\t\t\t\t\t<label for=\"form-field-email\" class=\"elementor-field-label\">\n\t\t\t\t\t\t\t\tE-mail\t\t\t\t\t\t\t<\/label>\n\t\t\t\t\t\t\t\t\t\t\t\t\t\t<input size=\"1\" type=\"email\" name=\"form_fields[email]\" id=\"form-field-email\" class=\"elementor-field elementor-size-sm  elementor-field-textual\" placeholder=\"Digite aqui\" required=\"required\">\n\t\t\t\t\t\t\t\t\t\t\t<\/div>\n\t\t\t\t\t\t\t\t<div class=\"elementor-field-type-tel elementor-field-group elementor-column elementor-field-group-telefone elementor-col-50 elementor-field-required\">\n\t\t\t\t\t\t\t\t\t\t\t\t<label for=\"form-field-telefone\" class=\"elementor-field-label\">\n\t\t\t\t\t\t\t\tTelefone\t\t\t\t\t\t\t<\/label>\n\t\t\t\t\t\t\t\t<input size=\"1\" type=\"tel\" name=\"form_fields[telefone]\" id=\"form-field-telefone\" class=\"elementor-field elementor-size-sm  elementor-field-textual\" placeholder=\"+55 (00) 00000-0000\" required=\"required\" pattern=\"[0-9()#&amp;+*-=.]+\" title=\"Apenas n\u00fameros e caracteres de telefone (#, -, *, etc.) s\u00e3o aceitos.\">\n\n\t\t\t\t\t\t<\/div>\n\t\t\t\t\t\t\t\t<div class=\"elementor-field-type-textarea elementor-field-group elementor-column elementor-field-group-message elementor-col-100\">\n\t\t\t\t\t\t\t\t\t\t\t\t<label for=\"form-field-message\" class=\"elementor-field-label\">\n\t\t\t\t\t\t\t\tMensagem\t\t\t\t\t\t\t<\/label>\n\t\t\t\t\t\t<textarea class=\"elementor-field-textual elementor-field  elementor-size-sm\" name=\"form_fields[message]\" id=\"form-field-message\" rows=\"4\" placeholder=\"Digite aqui\"><\/textarea>\t\t\t\t<\/div>\n\t\t\t\t\t\t\t\t<div class=\"elementor-field-group elementor-column elementor-field-type-submit elementor-col-100 e-form__buttons\">\n\t\t\t\t\t<button class=\"elementor-button elementor-size-sm\" type=\"submit\">\n\t\t\t\t\t\t<span class=\"elementor-button-content-wrapper\">\n\t\t\t\t\t\t\t\t\t\t\t\t\t\t\t\t\t\t\t\t\t\t<span class=\"elementor-button-text\">Enviar<\/span>\n\t\t\t\t\t\t\t\t\t\t\t\t\t<\/span>\n\t\t\t\t\t<\/button>\n\t\t\t\t<\/div>\n\t\t\t<\/div>\n\t\t<input type=\"hidden\" name=\"trp-form-language\" value=\"en\"\/><\/form>\n\t\t\t\t\t\t<\/div>\n\t\t\t\t<\/div>\n\t\t\t\t<\/div>\n\t\t<div class=\"elementor-element elementor-element-0c4c806 e-con-full e-flex e-con e-child\" data-id=\"0c4c806\" data-element_type=\"container\">\n\t\t\t\t<div class=\"elementor-element elementor-element-517582e elementor-widget__width-initial elementor-widget-divider--view-line elementor-widget elementor-widget-divider\" data-id=\"517582e\" data-element_type=\"widget\" data-widget_type=\"divider.default\">\n\t\t\t\t\t\t\t<div class=\"elementor-divider\">\n\t\t\t<span class=\"elementor-divider-separator\">\n\t\t\t\t\t\t<\/span>\n\t\t<\/div>\n\t\t\t\t\t\t<\/div>\n\t\t\t\t<div class=\"elementor-element elementor-element-65525d2 elementor-widget__width-initial elementor-widget-divider--view-line elementor-widget elementor-widget-divider\" data-id=\"65525d2\" data-element_type=\"widget\" data-widget_type=\"divider.default\">\n\t\t\t\t\t\t\t<div class=\"elementor-divider\">\n\t\t\t<span class=\"elementor-divider-separator\">\n\t\t\t\t\t\t<\/span>\n\t\t<\/div>\n\t\t\t\t\t\t<\/div>\n\t\t\t\t<\/div>\n\t\t\t\t\t<\/div>\n\t\t\t\t<\/div>\n\t\t\t\t<\/div>","protected":false},"excerpt":{"rendered":"<p>Entre em contato Nossos especialistas est\u00e3o prontos para atender voc\u00ea. Fique \u00e0 vontadepara nos contataratrav\u00e9s de nossoscanais de atendimento. E-MAIL info@supplybr.com WHATSAPP +55 47 3081 4822 TELEFONE +55 47 3081 4822 REDES SOCIAIS @smartsupplybr Smart Supply<\/p>","protected":false},"author":3,"featured_media":0,"parent":0,"menu_order":0,"comment_status":"closed","ping_status":"closed","template":"","meta":{"_acf_changed":false,"_joinchat":[],"footnotes":""},"class_list":["post-483","page","type-page","status-publish","hentry"],"acf":[],"yoast_head":"<!-- This site is optimized with the Yoast SEO plugin v26.4 - https:\/\/yoast.com\/wordpress\/plugins\/seo\/ -->\n<title>Contato - Smart Supply<\/title>\n<meta name=\"robots\" content=\"index, follow, max-snippet:-1, max-image-preview:large, max-video-preview:-1\" \/>\n<link rel=\"canonical\" href=\"https:\/\/supplybr.com\/en\/contato\/\" \/>\n<meta property=\"og:locale\" content=\"en_US\" \/>\n<meta property=\"og:type\" content=\"article\" \/>\n<meta property=\"og:title\" content=\"Contato - Smart Supply\" \/>\n<meta property=\"og:description\" content=\"Entre em contato Nossos especialistas est\u00e3o prontos para atender voc\u00ea. Fique \u00e0 vontadepara nos contataratrav\u00e9s de nossoscanais de atendimento. E-MAIL info@supplybr.com WHATSAPP +55 47 3081 4822 TELEFONE +55 47 3081 4822 REDES SOCIAIS @smartsupplybr Smart Supply\" \/>\n<meta property=\"og:url\" content=\"https:\/\/supplybr.com\/en\/contato\/\" \/>\n<meta property=\"og:site_name\" content=\"Smart Supply\" \/>\n<meta property=\"article:modified_time\" content=\"2026-01-26T16:58:23+00:00\" \/>\n<meta property=\"og:image\" content=\"http:\/\/supplybr.com\/wp-content\/uploads\/2025\/11\/email-preto-azul.svg\" \/>\n<meta name=\"twitter:card\" content=\"summary_large_image\" \/>\n<meta name=\"twitter:label1\" content=\"Est. reading time\" \/>\n\t<meta name=\"twitter:data1\" content=\"1 minute\" \/>\n<script type=\"application\/ld+json\" class=\"yoast-schema-graph\">{\"@context\":\"https:\/\/schema.org\",\"@graph\":[{\"@type\":\"WebPage\",\"@id\":\"https:\/\/supplybr.com\/contato\/\",\"url\":\"https:\/\/supplybr.com\/contato\/\",\"name\":\"Contato - Smart Supply\",\"isPartOf\":{\"@id\":\"https:\/\/supplybr.com\/#website\"},\"primaryImageOfPage\":{\"@id\":\"https:\/\/supplybr.com\/contato\/#primaryimage\"},\"image\":{\"@id\":\"https:\/\/supplybr.com\/contato\/#primaryimage\"},\"thumbnailUrl\":\"http:\/\/supplybr.com\/wp-content\/uploads\/2025\/11\/email-preto-azul.svg\",\"datePublished\":\"2025-11-05T14:34:57+00:00\",\"dateModified\":\"2026-01-26T16:58:23+00:00\",\"breadcrumb\":{\"@id\":\"https:\/\/supplybr.com\/contato\/#breadcrumb\"},\"inLanguage\":\"en-US\",\"potentialAction\":[{\"@type\":\"ReadAction\",\"target\":[\"https:\/\/supplybr.com\/contato\/\"]}]},{\"@type\":\"ImageObject\",\"inLanguage\":\"en-US\",\"@id\":\"https:\/\/supplybr.com\/contato\/#primaryimage\",\"url\":\"http:\/\/supplybr.com\/wp-content\/uploads\/2025\/11\/email-preto-azul.svg\",\"contentUrl\":\"http:\/\/supplybr.com\/wp-content\/uploads\/2025\/11\/email-preto-azul.svg\"},{\"@type\":\"BreadcrumbList\",\"@id\":\"https:\/\/supplybr.com\/contato\/#breadcrumb\",\"itemListElement\":[{\"@type\":\"ListItem\",\"position\":1,\"name\":\"In\u00edcio\",\"item\":\"https:\/\/supplybr.com\/\"},{\"@type\":\"ListItem\",\"position\":2,\"name\":\"Contato\"}]},{\"@type\":\"WebSite\",\"@id\":\"https:\/\/supplybr.com\/#website\",\"url\":\"https:\/\/supplybr.com\/\",\"name\":\"Smart Supply\",\"description\":\"\",\"publisher\":{\"@id\":\"https:\/\/supplybr.com\/#organization\"},\"potentialAction\":[{\"@type\":\"SearchAction\",\"target\":{\"@type\":\"EntryPoint\",\"urlTemplate\":\"https:\/\/supplybr.com\/?s={search_term_string}\"},\"query-input\":{\"@type\":\"PropertyValueSpecification\",\"valueRequired\":true,\"valueName\":\"search_term_string\"}}],\"inLanguage\":\"en-US\"},{\"@type\":\"Organization\",\"@id\":\"https:\/\/supplybr.com\/#organization\",\"name\":\"Smart Supply\",\"url\":\"https:\/\/supplybr.com\/\",\"logo\":{\"@type\":\"ImageObject\",\"inLanguage\":\"en-US\",\"@id\":\"https:\/\/supplybr.com\/#\/schema\/logo\/image\/\",\"url\":\"https:\/\/supplybr.com\/wp-content\/uploads\/2025\/11\/Logo-RGB_Smart-Supply-02-scaled.png\",\"contentUrl\":\"https:\/\/supplybr.com\/wp-content\/uploads\/2025\/11\/Logo-RGB_Smart-Supply-02-scaled.png\",\"width\":2560,\"height\":333,\"caption\":\"Smart Supply\"},\"image\":{\"@id\":\"https:\/\/supplybr.com\/#\/schema\/logo\/image\/\"}}]}<\/script>\n<!-- \/ Yoast SEO plugin. -->","yoast_head_json":{"title":"Contato - Smart Supply","robots":{"index":"index","follow":"follow","max-snippet":"max-snippet:-1","max-image-preview":"max-image-preview:large","max-video-preview":"max-video-preview:-1"},"canonical":"https:\/\/supplybr.com\/en\/contato\/","og_locale":"en_US","og_type":"article","og_title":"Contato - Smart Supply","og_description":"Entre em contato Nossos especialistas est\u00e3o prontos para atender voc\u00ea. Fique \u00e0 vontadepara nos contataratrav\u00e9s de nossoscanais de atendimento. E-MAIL info@supplybr.com WHATSAPP +55 47 3081 4822 TELEFONE +55 47 3081 4822 REDES SOCIAIS @smartsupplybr Smart Supply","og_url":"https:\/\/supplybr.com\/en\/contato\/","og_site_name":"Smart Supply","article_modified_time":"2026-01-26T16:58:23+00:00","og_image":[{"url":"http:\/\/supplybr.com\/wp-content\/uploads\/2025\/11\/email-preto-azul.svg","type":"","width":"","height":""}],"twitter_card":"summary_large_image","twitter_misc":{"Est. reading time":"1 minute"},"schema":{"@context":"https:\/\/schema.org","@graph":[{"@type":"WebPage","@id":"https:\/\/supplybr.com\/contato\/","url":"https:\/\/supplybr.com\/contato\/","name":"Contato - Smart Supply","isPartOf":{"@id":"https:\/\/supplybr.com\/#website"},"primaryImageOfPage":{"@id":"https:\/\/supplybr.com\/contato\/#primaryimage"},"image":{"@id":"https:\/\/supplybr.com\/contato\/#primaryimage"},"thumbnailUrl":"http:\/\/supplybr.com\/wp-content\/uploads\/2025\/11\/email-preto-azul.svg","datePublished":"2025-11-05T14:34:57+00:00","dateModified":"2026-01-26T16:58:23+00:00","breadcrumb":{"@id":"https:\/\/supplybr.com\/contato\/#breadcrumb"},"inLanguage":"en-US","potentialAction":[{"@type":"ReadAction","target":["https:\/\/supplybr.com\/contato\/"]}]},{"@type":"ImageObject","inLanguage":"en-US","@id":"https:\/\/supplybr.com\/contato\/#primaryimage","url":"http:\/\/supplybr.com\/wp-content\/uploads\/2025\/11\/email-preto-azul.svg","contentUrl":"http:\/\/supplybr.com\/wp-content\/uploads\/2025\/11\/email-preto-azul.svg"},{"@type":"BreadcrumbList","@id":"https:\/\/supplybr.com\/contato\/#breadcrumb","itemListElement":[{"@type":"ListItem","position":1,"name":"In\u00edcio","item":"https:\/\/supplybr.com\/"},{"@type":"ListItem","position":2,"name":"Contato"}]},{"@type":"WebSite","@id":"https:\/\/supplybr.com\/#website","url":"https:\/\/supplybr.com\/","name":"Smart Supply","description":"","publisher":{"@id":"https:\/\/supplybr.com\/#organization"},"potentialAction":[{"@type":"SearchAction","target":{"@type":"EntryPoint","urlTemplate":"https:\/\/supplybr.com\/?s={search_term_string}"},"query-input":{"@type":"PropertyValueSpecification","valueRequired":true,"valueName":"search_term_string"}}],"inLanguage":"en-US"},{"@type":"Organization","@id":"https:\/\/supplybr.com\/#organization","name":"Smart Supply","url":"https:\/\/supplybr.com\/","logo":{"@type":"ImageObject","inLanguage":"en-US","@id":"https:\/\/supplybr.com\/#\/schema\/logo\/image\/","url":"https:\/\/supplybr.com\/wp-content\/uploads\/2025\/11\/Logo-RGB_Smart-Supply-02-scaled.png","contentUrl":"https:\/\/supplybr.com\/wp-content\/uploads\/2025\/11\/Logo-RGB_Smart-Supply-02-scaled.png","width":2560,"height":333,"caption":"Smart Supply"},"image":{"@id":"https:\/\/supplybr.com\/#\/schema\/logo\/image\/"}}]}},"_links":{"self":[{"href":"https:\/\/supplybr.com\/en\/wp-json\/wp\/v2\/pages\/483","targetHints":{"allow":["GET"]}}],"collection":[{"href":"https:\/\/supplybr.com\/en\/wp-json\/wp\/v2\/pages"}],"about":[{"href":"https:\/\/supplybr.com\/en\/wp-json\/wp\/v2\/types\/page"}],"author":[{"embeddable":true,"href":"https:\/\/supplybr.com\/en\/wp-json\/wp\/v2\/users\/3"}],"replies":[{"embeddable":true,"href":"https:\/\/supplybr.com\/en\/wp-json\/wp\/v2\/comments?post=483"}],"version-history":[{"count":49,"href":"https:\/\/supplybr.com\/en\/wp-json\/wp\/v2\/pages\/483\/revisions"}],"predecessor-version":[{"id":39921,"href":"https:\/\/supplybr.com\/en\/wp-json\/wp\/v2\/pages\/483\/revisions\/39921"}],"wp:attachment":[{"href":"https:\/\/supplybr.com\/en\/wp-json\/wp\/v2\/media?parent=483"}],"curies":[{"name":"wp","href":"https:\/\/api.w.org\/{rel}","templated":true}]}}